{"id":315,"date":"2014-06-12T10:52:04","date_gmt":"2014-06-12T14:52:04","guid":{"rendered":"http:\/\/reseau.oakclients.com\/?page_id=315"},"modified":"2014-06-12T10:52:04","modified_gmt":"2014-06-12T14:52:04","slug":"become-a-member","status":"publish","type":"page","link":"https:\/\/reseau1quebec.ca\/en\/become-a-member\/","title":{"rendered":"Become a member"},"content":{"rendered":"<p><strong>Joignez-vous \u00e0 nous!<\/strong><\/p>\n<p><em>Toute personne d\u00e9sirant contribuer \u00e0 la mission du R\u00e9seau-1 Qu\u00e9bec peut devenir membre<\/em>, y compris les patients et leurs aidants, les chercheurs, les \u00e9tudiants, les d\u00e9cideurs, les cliniques et <a title=\"Shortcode Examples\" href=\"http:\/\/reseau1quebec.ca\/shortcode-examples\/\" target=\"_blank\">organisations m\u00e9dicales<\/a>, et tous les cliniciens et praticiens de premi\u00e8re ligne\u00a0: m\u00e9decins, infirmi\u00e8res, pharmaciens, travailleurs sociaux, psychologues, physioth\u00e9rapeutes, nutritionnistes, etc.<\/p>\n<p><strong>Avantages de l\u2019adh\u00e9sion<\/strong><\/p>\n<ul>\n<li>Participer \u00e0 un <strong>r\u00e9seau unique qui regroupe les acteurs principaux<\/strong> dans le domaine de la premi\u00e8re ligne au Qu\u00e9bec.<\/li>\n<li>Collaborer pour faire en sorte quela <strong>recherche r\u00e9ponde aux priorit\u00e9s des milieux cliniques et des patients<\/strong>, et pour faciliter l\u2019int\u00e9gration des derni\u00e8res d\u00e9couvertes scientifiques \u00e0 la pratique clinique.<\/li>\n<li>Recevoir notre <strong>bulletin mensuel<\/strong> qui contient des renseignements sur les \u00e9v\u00e9nements et les formations \u00c0 venir, des r\u00e9sultats de recherche et des ressources essentielles.<\/li>\n<li>B\u00e9n\u00e9ficier d\u2019un acc\u00e8s exclusif \u00e0 la <strong>plateforme<\/strong><strong> de communication<\/strong>,quifacilite la collaboration entre les membres \u00e0 travers des espacesde travailpartag\u00e9s.<\/li>\n<li>Avoir le <strong>droit de vote lors de l\u2019assembl\u00e9e g\u00e9n\u00e9rale annuelle<\/strong>.<\/li>\n<li>L\u2019adh\u00e9sion est <strong>gratuite!<\/strong><\/li>\n<\/ul>\n<div class=\"symple-toggle state-closed \"><h3 class=\"symple-toggle-trigger \">Practitioners<\/h3><div class=\"symple-toggle-container symple-clearfix\">\n<p><em>Qu\u2019est-ce que j\u2019en retirerai comme membre?\u00a0\u00a0\u00a0 <\/em><\/p>\n<p>Faire partie d\u2019un r\u00e9seau actif de chercheurs, de cliniciens et de patients \u00e0 qui vous pouvez apporter vos questions concernant l\u2019am\u00e9lioration des soins.<\/p>\n<ul>\n<li>Participer \u00e0 des activit\u00e9sde recherche dans des r\u00f4les vari\u00e9s (par exemple en tant que consultantexpert, dans l\u2019interpr\u00e9tation des r\u00e9sultats ou autre).<\/li>\n<li>Avoir acc\u00e8s \u00e0 des ressourcesd\u2019aide \u00e0 larecherche, y compris des fonds de d\u00e9marrage pourd\u00e9velopper des id\u00e9es de projets.<\/li>\n<li>\u00catre \u00e0 la fine pointe des derniers r\u00e9sultats de recherche en soins primaires int\u00e9gr\u00e9s au Qu\u00e9bec.<\/li>\n<li>Participer \u00e0 des ateliers de formation concernant la recherche d\u2019am\u00e9liorationde la qualit\u00e9clinique, la recherche ax\u00e9e sur la pratique, les m\u00e9thodes de base dans la recherche en soins primairesetplus encore.<\/div><\/div><\/li>\n<\/ul>\n<div class=\"symple-toggle state-closed \"><h3 class=\"symple-toggle-trigger \">Patients<\/h3><div class=\"symple-toggle-container symple-clearfix\">\n<p><em>Qu\u2019est-ce que j\u2019en retirerai comme membre?\u00a0\u00a0\u00a0 <\/em><\/p>\n<p>Participer en tant que partenaire \u00e0 des projets de recherche qui ont un impact sur \u200b\u200bla vie des patients.<\/p>\n<ul>\n<li>Influencer le processus et les priorit\u00e9s de recherche et faire en sorte quelespoints de vuedes patientssoient pris en compte.<\/li>\n<li>Collaborer avecdes acteurs essentiels delapremi\u00e8religneau Qu\u00e9bec.<\/li>\n<li>Participer \u00e0des ateliers de formation sur les partenariats (clinicien-chercheur-patient), les m\u00e9thodes de recherche et plus encore.<\/li>\n<li>Avoir acc\u00e8s \u00e0 des ressources et des outils de soins pertinents pourles patients\u00a0<\/div><\/div><\/li>\n<\/ul>\n<div class=\"symple-toggle state-closed \"><h3 class=\"symple-toggle-trigger \">Chercheurs<\/h3><div class=\"symple-toggle-container symple-clearfix\">\n<p><em>Qu\u2019est-ce que j\u2019en retirerai comme membre?\u00a0\u00a0\u00a0 <\/em><\/p>\n<ul>\n<li>R\u00e9seauter avec d\u2019autreschercheursprincipauxde la premi\u00e8re ligne int\u00e9gr\u00e9e auQu\u00e9bec.<\/li>\n<li>B\u00e9n\u00e9ficier d\u2019un soutienm\u00e9thodologique par le moyen de l\u2019unit\u00e9 de soutien.<\/li>\n<li>Participer \u00e0des ateliers de formationsur des sujetstels que la recherche participative, la recherche ax\u00e9e sur la pratique, la recherche d\u2019am\u00e9liorationde la qualit\u00e9cliniqueetplus encore.<\/li>\n<li>Avoir acc\u00e8s \u00e0 des fondsde recherche pour des \u00e9tudespilotes.<\/li>\n<li>Avoir acc\u00e8s\u00e0 descliniques, \u00e0 des cliniciens et \u00e0 des patients qui d\u00e9sirent participer \u00e0 des projetsde recherche.<\/div><\/div><\/li>\n<\/ul>\n<p>&nbsp;<\/p>\n<p><strong>C\u2019est gratuit et rapide\u00a0: remplissez ce formulaire<\/strong><\/p>\n<ul>\n<li>Une fois rempli, votre formulaire sera envoy\u00e9 \u00e0 la responsable des op\u00e9rations du R\u00e9seau-1 Qu\u00e9bec.<\/li>\n<li>Les demandes d\u2019adh\u00e9sion seront trait\u00e9es par le comit\u00e9 de direction du R\u00e9seau-1 trimestriellement.<\/li>\n<li>Tous les types d\u2019adh\u00e9sion auront une dur\u00e9e de deux ans, renouvelable.<\/li>\n<li>Tout membre ne d\u00e9sirant plus faire partie du r\u00e9seau doit soumettre son d\u00e9sistement par lettre ou par courriel au responsable des op\u00e9rations du R\u00e9seau-1.<\/li>\n<\/ul>\n<p>&nbsp;<\/p>\n<p><strong>Consultez la brochure du R\u00e9seau-1\u00a0Qu\u00e9bec et partagez-la avec vos coll\u00e8gues<\/strong><strong>! <\/strong>[link to pdf of brochure]\n<p>Pour plus d\u2019information sur les droits des membres du R\u00e9seau-1 Qu\u00e9bec, consultez le cadre de gouvernance.<\/p>\n<p>&nbsp;<\/p>\n","protected":false},"excerpt":{"rendered":"<p>Joignez-vous \u00e0 nous! Toute personne d\u00e9sirant contribuer \u00e0 la mission du R\u00e9seau-1 Qu\u00e9bec peut devenir membre, y compris les patients et leurs aidants, les chercheurs, les \u00e9tudiants, les d\u00e9cideurs, les cliniques et organisations m\u00e9dicales, et tous les cliniciens et praticiens de premi\u00e8re ligne\u00a0: m\u00e9decins, infirmi\u00e8res, pharmaciens, travailleurs sociaux, psychologues, physioth\u00e9rapeutes, nutritionnistes, etc. Avantages de l\u2019adh\u00e9sion [&hellip;]<\/p>\n","protected":false},"author":2,"featured_media":0,"parent":0,"menu_order":0,"comment_status":"open","ping_status":"closed","template":"page-templates\/full-width.php","meta":{"_acf_changed":false,"footnotes":""},"class_list":["post-315","page","type-page","status-publish","hentry"],"acf":[],"_links":{"self":[{"href":"https:\/\/reseau1quebec.ca\/en\/wp-json\/wp\/v2\/pages\/315"}],"collection":[{"href":"https:\/\/reseau1quebec.ca\/en\/wp-json\/wp\/v2\/pages"}],"about":[{"href":"https:\/\/reseau1quebec.ca\/en\/wp-json\/wp\/v2\/types\/page"}],"author":[{"embeddable":true,"href":"https:\/\/reseau1quebec.ca\/en\/wp-json\/wp\/v2\/users\/2"}],"replies":[{"embeddable":true,"href":"https:\/\/reseau1quebec.ca\/en\/wp-json\/wp\/v2\/comments?post=315"}],"version-history":[{"count":1,"href":"https:\/\/reseau1quebec.ca\/en\/wp-json\/wp\/v2\/pages\/315\/revisions"}],"predecessor-version":[{"id":317,"href":"https:\/\/reseau1quebec.ca\/en\/wp-json\/wp\/v2\/pages\/315\/revisions\/317"}],"wp:attachment":[{"href":"https:\/\/reseau1quebec.ca\/en\/wp-json\/wp\/v2\/media?parent=315"}],"curies":[{"name":"wp","href":"https:\/\/api.w.org\/{rel}","templated":true}]}}