{"id":318,"date":"2014-06-11T18:51:16","date_gmt":"2014-06-11T22:51:16","guid":{"rendered":"http:\/\/reseau.oakclients.com\/who-are-we\/financement\/"},"modified":"2014-06-12T11:15:01","modified_gmt":"2014-06-12T15:15:01","slug":"finance","status":"publish","type":"page","link":"https:\/\/reseau1quebec.ca\/en\/who-are-we\/finance\/","title":{"rendered":"Finance"},"content":{"rendered":"<p>Le R\u00e9seau-1 reconnait les contributions financi\u00e8res du Fonds de recherche du Qu\u00e9bec \u2013 Sant\u00e9, Pfizer, le minist\u00e8re de la Sant\u00e9 et des Services sociaux du Qu\u00e9bec, les Instituts de recherche en sant\u00e9 du Canada, et l\u2019Universit\u00e9 McGill.<\/p>\n<p>&nbsp;<\/p>\n<p>&nbsp;<\/p>\n<div class=\"symple-column symple-one-fifth symple-column-first  \">\n<img loading=\"lazy\" decoding=\"async\" class=\"alignnone size-full wp-image-170\" src=\"http:\/\/reseau1quebec.ca\/wp-content\/uploads\/2014\/06\/frqs-logo-lg.jpg\" alt=\"frqs-logo-lg\" width=\"158\" height=\"54\" \/><br \/>\n<\/div>\n<div class=\"symple-column symple-one-fifth symple-column-middle  \">\n<a href=\"http:\/\/reseau1quebec.ca\/wp-content\/uploads\/2014\/06\/pfizer-logo.jpeg\"><img loading=\"lazy\" decoding=\"async\" class=\"alignnone wp-image-174\" src=\"http:\/\/reseau1quebec.ca\/wp-content\/uploads\/2014\/06\/pfizer-logo.jpeg\" alt=\"pfizer logo\" width=\"150\" height=\"150\" \/><\/a><br \/>\n<\/div>\n<div class=\"symple-column symple-one-fifth symple-column-middle  \">\nMSSS logo<br \/>\n<\/div>\n<div class=\"symple-column symple-one-fifth symple-column-middle  \">\n<img loading=\"lazy\" decoding=\"async\" class=\"alignnone wp-image-171\" src=\"http:\/\/reseau1quebec.ca\/wp-content\/uploads\/2014\/06\/CIHR-image.jpeg\" alt=\"CIHR logo\" width=\"150\" height=\"92\" \/><br \/>\n<\/div>\n<div class=\"symple-column symple-one-fifth symple-column-last  \">\n<img loading=\"lazy\" decoding=\"async\" class=\"alignnone wp-image-43\" src=\"http:\/\/reseau1quebec.ca\/wp-content\/uploads\/2014\/05\/mcgill.png\" alt=\"mcgill\" width=\"150\" height=\"33\" \/><br \/>\n<\/div><div class=\"symple-clear-floats\"><\/div>\n<p>&nbsp;<\/p>\n<p>&nbsp;<\/p>\n<p><strong>Conflit d\u2019int\u00e9r\u00eats<\/strong><\/p>\n<p>Pour les ann\u00e9es 2013 \u00e0 2019, le R\u00e9seau-1 recevra un financement du Fonds de recherche du Qu\u00e9bec \u2013 Sant\u00e9 (FRQS) qui provient du Fonds d\u2019innovation Pfizer-FRQS. Ce fonds a \u00e9t\u00e9 mis en place dans le but de favoriser les initiatives et les programmes qui appuient les orientations strat\u00e9giques du FRQS dans le domaine de la sant\u00e9. La soci\u00e9t\u00e9 Pfizer Inc. n\u2019a aucunement particip\u00e9 \u00e0 l\u2019\u00e9valuation ni \u00e0 la d\u00e9cision de financement du R\u00e9seau-1. De plus, elle n\u2019a aucun r\u00f4le \u00e0 jouer dans les orientations strat\u00e9giques du R\u00e9seau, et n\u2019a aucun droit de regard sur les r\u00e9sultats de recherche g\u00e9n\u00e9r\u00e9s par le R\u00e9seau-1. De m\u00eame, il est entendu que Pfizer Inc. et le FRQS renoncent \u00e0 tout droit d\u00e9coulant de la propri\u00e9t\u00e9 intellectuelle qui sera cr\u00e9\u00e9e gr\u00e2ce aux investissements du Fonds d\u2019innovation. Les chercheurs subventionn\u00e9s par le Fonds d\u2019innovation Pfizer-FRQS et les \u00e9tablissements auxquels ils se rattachent doivent reconna\u00eetre express\u00e9ment la contribution de Pfizer et du FRQS au soutien des projets de recherche et des initiatives strat\u00e9giques dans chaque publication, expos\u00e9 de position, communiqu\u00e9 de presse, site Web ou toute autre activit\u00e9 publique qui en d\u00e9coule.<\/p>\n<p><em>Ainsi, il n\u2019y a aucun conflit d\u2019int\u00e9r\u00eats dans les activit\u00e9s de recherche relativement au financement par ces fonds.<\/em><\/p>\n<p>&nbsp;<\/p>\n","protected":false},"excerpt":{"rendered":"<p>Le R\u00e9seau-1 reconnait les contributions financi\u00e8res du Fonds de recherche du Qu\u00e9bec \u2013 Sant\u00e9, Pfizer, le minist\u00e8re de la Sant\u00e9 et des Services sociaux du Qu\u00e9bec, les Instituts de recherche en sant\u00e9 du Canada, et l\u2019Universit\u00e9 McGill. &nbsp; &nbsp; &nbsp; &nbsp; Conflit d\u2019int\u00e9r\u00eats Pour les ann\u00e9es 2013 \u00e0 2019, le R\u00e9seau-1 recevra un financement du [&hellip;]<\/p>\n","protected":false},"author":2,"featured_media":0,"parent":63,"menu_order":0,"comment_status":"closed","ping_status":"open","template":"","meta":{"_acf_changed":false,"footnotes":""},"class_list":["post-318","page","type-page","status-publish","hentry"],"acf":[],"_links":{"self":[{"href":"https:\/\/reseau1quebec.ca\/en\/wp-json\/wp\/v2\/pages\/318"}],"collection":[{"href":"https:\/\/reseau1quebec.ca\/en\/wp-json\/wp\/v2\/pages"}],"about":[{"href":"https:\/\/reseau1quebec.ca\/en\/wp-json\/wp\/v2\/types\/page"}],"author":[{"embeddable":true,"href":"https:\/\/reseau1quebec.ca\/en\/wp-json\/wp\/v2\/users\/2"}],"replies":[{"embeddable":true,"href":"https:\/\/reseau1quebec.ca\/en\/wp-json\/wp\/v2\/comments?post=318"}],"version-history":[{"count":2,"href":"https:\/\/reseau1quebec.ca\/en\/wp-json\/wp\/v2\/pages\/318\/revisions"}],"predecessor-version":[{"id":320,"href":"https:\/\/reseau1quebec.ca\/en\/wp-json\/wp\/v2\/pages\/318\/revisions\/320"}],"up":[{"embeddable":true,"href":"https:\/\/reseau1quebec.ca\/en\/wp-json\/wp\/v2\/pages\/63"}],"wp:attachment":[{"href":"https:\/\/reseau1quebec.ca\/en\/wp-json\/wp\/v2\/media?parent=318"}],"curies":[{"name":"wp","href":"https:\/\/api.w.org\/{rel}","templated":true}]}}